{"id":46,"date":"2024-02-21T10:55:57","date_gmt":"2024-02-21T09:55:57","guid":{"rendered":"https:\/\/ceys-gmbh.de\/index.php\/about\/"},"modified":"2024-02-22T09:09:20","modified_gmt":"2024-02-22T08:09:20","slug":"about","status":"publish","type":"page","link":"https:\/\/ceys-gmbh.de\/index.php\/about\/","title":{"rendered":"About"},"content":{"rendered":"<div class=\"fusion-fullwidth fullwidth-box fusion-builder-row-1 fusion-flex-container nonhundred-percent-fullwidth non-hundred-percent-height-scrolling\" style=\"--awb-border-radius-top-left:0px;--awb-border-radius-top-right:0px;--awb-border-radius-bottom-right:0px;--awb-border-radius-bottom-left:0px;--awb-flex-wrap:wrap;\" ><div class=\"fusion-builder-row fusion-row fusion-flex-align-items-flex-start fusion-flex-content-wrap\" style=\"max-width:1216.8px;margin-left: calc(-4% \/ 2 );margin-right: calc(-4% \/ 2 );\"><div class=\"fusion-layout-column fusion_builder_column fusion-builder-column-0 fusion_builder_column_1_1 1_1 fusion-flex-column\" style=\"--awb-bg-size:cover;--awb-width-large:100%;--awb-margin-top-large:0px;--awb-spacing-right-large:1.92%;--awb-margin-bottom-large:20px;--awb-spacing-left-large:1.92%;--awb-width-medium:100%;--awb-order-medium:0;--awb-spacing-right-medium:1.92%;--awb-spacing-left-medium:1.92%;--awb-width-small:100%;--awb-order-small:0;--awb-spacing-right-small:1.92%;--awb-spacing-left-small:1.92%;\"><div class=\"fusion-column-wrapper fusion-column-has-shadow fusion-flex-justify-content-flex-start fusion-content-layout-column\"><div class=\"fusion-text fusion-text-1\"><h2><strong>Erleben Sie den Unterschied mit unserem erstklassigen Service!<\/strong><\/h2>\n<p>&nbsp;<\/p>\n<p>Sie verdienen nur das Beste, und das ist genau das, was wir bieten! Unser Engagement f\u00fcr Exzellenz bedeutet, dass Ihre Zufriedenheit unsere oberste Priorit\u00e4t ist.<\/p>\n<p>\u2714\ufe0f Professionelle Experten: Unser Team besteht aus hochqualifizierten Fachleuten, die ihr Handwerk beherrschen und Ihnen den besten Service bieten.<\/p>\n<p>\u2714\ufe0f Kundenzufriedenheit garantiert: Ihre Zufriedenheit ist unser Ansporn. Wir gehen die Extrameile, um sicherzustellen, dass Ihre Bed\u00fcrfnisse \u00fcbertroffen werden.<\/p>\n<p>\u2714\ufe0f Zuverl\u00e4ssigkeit und P\u00fcnktlichkeit: Mit uns k\u00f6nnen Sie sich darauf verlassen, dass wir unsere Versprechen einhalten und stets rechtzeitig sind.<\/p>\n<p>Entdecken Sie die Vorteile unseres erstklassigen Services und lassen Sie sich verw\u00f6hnen! Kontaktieren Sie uns noch heute, um mehr zu erfahren.<\/p>\n<\/div><\/div><\/div><\/div><\/div>\n","protected":false},"excerpt":{"rendered":"","protected":false},"author":1,"featured_media":0,"parent":0,"menu_order":0,"comment_status":"closed","ping_status":"closed","template":"template\/template-about.php","meta":{"om_disable_all_campaigns":false,"_monsterinsights_skip_tracking":false,"_monsterinsights_sitenote_active":false,"_monsterinsights_sitenote_note":"","_monsterinsights_sitenote_category":0,"footnotes":""},"aioseo_notices":[],"_links":{"self":[{"href":"https:\/\/ceys-gmbh.de\/index.php\/wp-json\/wp\/v2\/pages\/46"}],"collection":[{"href":"https:\/\/ceys-gmbh.de\/index.php\/wp-json\/wp\/v2\/pages"}],"about":[{"href":"https:\/\/ceys-gmbh.de\/index.php\/wp-json\/wp\/v2\/types\/page"}],"author":[{"embeddable":true,"href":"https:\/\/ceys-gmbh.de\/index.php\/wp-json\/wp\/v2\/users\/1"}],"replies":[{"embeddable":true,"href":"https:\/\/ceys-gmbh.de\/index.php\/wp-json\/wp\/v2\/comments?post=46"}],"version-history":[{"count":0,"href":"https:\/\/ceys-gmbh.de\/index.php\/wp-json\/wp\/v2\/pages\/46\/revisions"}],"wp:attachment":[{"href":"https:\/\/ceys-gmbh.de\/index.php\/wp-json\/wp\/v2\/media?parent=46"}],"curies":[{"name":"wp","href":"https:\/\/api.w.org\/{rel}","templated":true}]}}