{"id":427,"date":"2021-05-24T19:57:25","date_gmt":"2021-05-24T19:57:25","guid":{"rendered":"https:\/\/avadawebsites.wpengine.com\/promote\/?page_id=427"},"modified":"2025-01-16T11:40:24","modified_gmt":"2025-01-16T10:40:24","slug":"promote-home","status":"publish","type":"page","link":"https:\/\/ceys-gmbh.de\/","title":{"rendered":"Promote Home"},"content":{"rendered":"<p><div class=\"fusion-fullwidth fullwidth-box fusion-builder-row-1 fusion-flex-container fusion-parallax-fixed nonhundred-percent-fullwidth non-hundred-percent-height-scrolling\" style=\"--awb-border-radius-top-left:0px;--awb-border-radius-top-right:0px;--awb-border-radius-bottom-right:0px;--awb-border-radius-bottom-left:0px;--awb-padding-top:6vw;--awb-padding-right:0px;--awb-padding-bottom:6vw;--awb-min-height:100vh;--awb-background-image:url(&quot;http:\/\/ceys-gmbh.de\/wp-content\/uploads\/2024\/02\/cropped-WhatsApp-Bild-2024-02-19-um-10.07.31_b4e651cd.jpg&quot;);--awb-background-size:cover;--awb-flex-wrap:wrap;background-attachment:fixed;\" data-preload-img=\"http:\/\/ceys-gmbh.de\/wp-content\/uploads\/2024\/02\/cropped-WhatsApp-Bild-2024-02-19-um-10.07.31_b4e651cd.jpg\" ><div class=\"fusion-builder-row fusion-row fusion-flex-align-items-flex-start fusion-flex-align-content-center fusion-flex-content-wrap\" style=\"max-width:1216.8px;margin-left: calc(-4% \/ 2 );margin-right: calc(-4% \/ 2 );\"><div class=\"fusion-layout-column fusion_builder_column fusion-builder-column-0 fusion_builder_column_1_1 1_1 fusion-flex-column fusion-animated\" style=\"--awb-bg-size:cover;--awb-width-large:100%;--awb-margin-top-large:60px;--awb-spacing-right-large:1.92%;--awb-margin-bottom-large:0px;--awb-spacing-left-large:1.92%;--awb-width-medium:100%;--awb-order-medium:0;--awb-spacing-right-medium:1.92%;--awb-spacing-left-medium:1.92%;--awb-width-small:100%;--awb-order-small:0;--awb-spacing-right-small:1.92%;--awb-spacing-left-small:1.92%;\" data-animationType=\"fadeInUp\" data-animationDuration=\"0.8\" data-animationOffset=\"top-into-view\"><div class=\"fusion-column-wrapper fusion-column-has-shadow fusion-flex-justify-content-center fusion-content-layout-column\"><i class=\"fb-icon-element-1 fb-icon-element fontawesome-icon fa-bullhorn fas circle-no\" style=\"--awb-font-size:58px;--awb-margin-top:0;--awb-margin-right:0;--awb-margin-bottom:0;--awb-margin-left:0;--awb-align-self:center;\"><\/i><div class=\"fusion-title title fusion-title-1 fusion-sep-none fusion-title-center fusion-title-text fusion-title-size-one\" style=\"--awb-text-color:var(--awb-color1);--awb-margin-bottom:0px;--awb-font-size:100px;\"><h1 class=\"fusion-title-heading title-heading-center fusion-responsive-typography-calculated\" style=\"margin:0;font-size:1em;--fontSize:100;line-height:var(--awb-typography1-line-height);text-shadow:0px 5px 10px hsla(var(--awb-color8-h),var(--awb-color8-s),calc( var(--awb-color8-l) + 4% ),calc( var(--awb-color8-a) - 90% ));\">Logistik, Facility &amp; Security<\/h1><\/div><div class=\"fusion-text fusion-text-1 fusion-text-no-margin\" style=\"--awb-content-alignment:center;--awb-font-size:var(--awb-typography2-font-size);--awb-line-height:var(--awb-typography2-line-height);--awb-letter-spacing:var(--awb-typography2-letter-spacing);--awb-text-transform:var(--awb-typography2-text-transform);--awb-text-color:var(--awb-color1);--awb-margin-bottom:35px;--awb-text-font-family:var(--awb-typography2-font-family);--awb-text-font-weight:var(--awb-typography2-font-weight);--awb-text-font-style:var(--awb-typography2-font-style);\"><p>Alles aus einer Hand und individuell an ihre bed\u00fcrfnise angepasst<\/p>\n<\/div><div style=\"text-align:center;\"><a class=\"fusion-button button-flat button-large button-custom fusion-button-default button-1 fusion-button-span-no fusion-button-default-type\" style=\"--button_accent_color:var(--awb-color1);--button_accent_hover_color:var(--awb-color1);--button_border_hover_color:var(--awb-color1);--button_border_width-top:1px;--button_border_width-right:1px;--button_border_width-bottom:1px;--button_border_width-left:1px;--button-border-radius-top-left:0px;--button-border-radius-top-right:0px;--button-border-radius-bottom-right:0px;--button-border-radius-bottom-left:0px;--button_gradient_top_color:rgba(37,169,189,0);--button_gradient_bottom_color:rgba(37,169,189,0);--button_gradient_top_color_hover:var(--awb-color7);--button_gradient_bottom_color_hover:var(--awb-color7);\" target=\"_self\" href=\"https:\/\/ceys-gmbh.de\/index.php\/contact-2\/\"><span class=\"fusion-button-text\">Jetzt anfragen<\/span><\/a><\/div><\/div><\/div><\/div><\/div><div id=\"#intro\" class=\"fusion-container-anchor\"><div class=\"fusion-fullwidth fullwidth-box fusion-builder-row-2 fusion-flex-container nonhundred-percent-fullwidth non-hundred-percent-height-scrolling\" style=\"--awb-border-radius-top-left:0px;--awb-border-radius-top-right:0px;--awb-border-radius-bottom-right:0px;--awb-border-radius-bottom-left:0px;--awb-padding-top:120px;--awb-padding-bottom:80px;--awb-padding-top-small:80px;--awb-flex-wrap:wrap;\" ><div class=\"fusion-builder-row fusion-row fusion-flex-align-items-flex-start fusion-flex-content-wrap\" style=\"max-width:1216.8px;margin-left: calc(-4% \/ 2 );margin-right: calc(-4% \/ 2 );\"><div class=\"fusion-layout-column fusion_builder_column fusion-builder-column-1 fusion_builder_column_1_1 1_1 fusion-flex-column\" style=\"--awb-bg-blend:overlay;--awb-bg-size:cover;--awb-width-large:100%;--awb-margin-top-large:0px;--awb-spacing-right-large:1.92%;--awb-margin-bottom-large:20px;--awb-spacing-left-large:1.92%;--awb-width-medium:100%;--awb-spacing-right-medium:1.92%;--awb-spacing-left-medium:1.92%;--awb-width-small:100%;--awb-spacing-right-small:1.92%;--awb-spacing-left-small:1.92%;\"><div class=\"fusion-column-wrapper fusion-flex-justify-content-flex-start fusion-content-layout-column\"><div class=\"fusion-image-element \" style=\"--awb-caption-title-font-family:var(--h2_typography-font-family);--awb-caption-title-font-weight:var(--h2_typography-font-weight);--awb-caption-title-font-style:var(--h2_typography-font-style);--awb-caption-title-size:var(--h2_typography-font-size);--awb-caption-title-transform:var(--h2_typography-text-transform);--awb-caption-title-line-height:var(--h2_typography-line-height);--awb-caption-title-letter-spacing:var(--h2_typography-letter-spacing);\"><span class=\" fusion-imageframe imageframe-none imageframe-1 hover-type-none\"><img decoding=\"async\" width=\"1300\" height=\"741\" title=\"blogpost-ten angepasst\" src=\"http:\/\/ceys-gmbh.de\/wp-content\/uploads\/2025\/01\/blogpost-ten-angepasst.jpg\" alt class=\"img-responsive wp-image-1237 disable-lazyload\" srcset=\"https:\/\/ceys-gmbh.de\/wp-content\/uploads\/2025\/01\/blogpost-ten-angepasst-200x114.jpg 200w, https:\/\/ceys-gmbh.de\/wp-content\/uploads\/2025\/01\/blogpost-ten-angepasst-400x228.jpg 400w, https:\/\/ceys-gmbh.de\/wp-content\/uploads\/2025\/01\/blogpost-ten-angepasst-600x342.jpg 600w, https:\/\/ceys-gmbh.de\/wp-content\/uploads\/2025\/01\/blogpost-ten-angepasst-800x456.jpg 800w, https:\/\/ceys-gmbh.de\/wp-content\/uploads\/2025\/01\/blogpost-ten-angepasst-1200x684.jpg 1200w, https:\/\/ceys-gmbh.de\/wp-content\/uploads\/2025\/01\/blogpost-ten-angepasst.jpg 1300w\" sizes=\"(max-width: 1024px) 100vw, (max-width: 640px) 100vw, 1200px\" \/><\/span><\/div><div class=\"fusion-title title fusion-title-2 fusion-title-text fusion-title-size-two\"><div class=\"title-sep-container title-sep-container-left fusion-no-large-visibility fusion-no-medium-visibility fusion-no-small-visibility\"><div class=\"title-sep sep- sep-solid\" style=\"border-color:var(--awb-color4);\"><\/div><\/div><span class=\"awb-title-spacer fusion-no-large-visibility fusion-no-medium-visibility fusion-no-small-visibility\"><\/span><h2 class=\"fusion-title-heading title-heading-left fusion-responsive-typography-calculated\" style=\"margin:0;--fontSize:60;line-height:1.3;\"><\/h2><span class=\"awb-title-spacer\"><\/span><div class=\"title-sep-container title-sep-container-right\"><div class=\"title-sep sep- sep-solid\" style=\"border-color:var(--awb-color4);\"><\/div><\/div><\/div><i class=\"fb-icon-element-2 fb-icon-element fontawesome-icon fa-dolly fas circle-no\" style=\"--awb-iconcolor:hsla(var(--awb-color8-h),var(--awb-color8-s),calc( var(--awb-color8-l) + 47% ),var(--awb-color8-a));--awb-iconcolor-hover:hsla(var(--awb-color8-h),var(--awb-color8-s),calc( var(--awb-color8-l) + 47% ),var(--awb-color8-a));--awb-font-size:58px;--awb-align-self:center;--awb-margin-top:0px;--awb-margin-right:0px;--awb-margin-bottom:20px;--awb-margin-left:0px;\"><\/i><div class=\"fusion-text fusion-text-2\" style=\"--awb-font-size:var(--awb-typography2-font-size);--awb-line-height:1.65em;\"><p>Steigern Sie die Effizienz Ihrer Lieferkette und bleiben Sie wettbewerbsf\u00e4hig in einem sich st\u00e4ndig wandelnden Markt. Kontaktieren Sie uns noch heute, um zu erfahren, wie wir Ihnen helfen k\u00f6nnen!<\/p>\n<\/div><div class=\"fusion-separator fusion-full-width-sep\" style=\"align-self: center;margin-left: auto;margin-right: auto;margin-top:100px;width:100%;\"><\/div><\/div><\/div><div class=\"fusion-layout-column fusion_builder_column fusion-builder-column-2 fusion_builder_column_1_1 1_1 fusion-flex-column\" style=\"--awb-bg-blend:overlay;--awb-bg-size:cover;--awb-width-large:100%;--awb-margin-top-large:0px;--awb-spacing-right-large:1.92%;--awb-margin-bottom-large:20px;--awb-spacing-left-large:1.92%;--awb-width-medium:100%;--awb-spacing-right-medium:1.92%;--awb-spacing-left-medium:1.92%;--awb-width-small:100%;--awb-spacing-right-small:1.92%;--awb-spacing-left-small:1.92%;\"><div class=\"fusion-column-wrapper fusion-flex-justify-content-flex-start fusion-content-layout-column\"><div class=\"fusion-image-element \" style=\"--awb-caption-title-font-family:var(--h2_typography-font-family);--awb-caption-title-font-weight:var(--h2_typography-font-weight);--awb-caption-title-font-style:var(--h2_typography-font-style);--awb-caption-title-size:var(--h2_typography-font-size);--awb-caption-title-transform:var(--h2_typography-text-transform);--awb-caption-title-line-height:var(--h2_typography-line-height);--awb-caption-title-letter-spacing:var(--h2_typography-letter-spacing);\"><span class=\" fusion-imageframe imageframe-none imageframe-2 hover-type-none\"><img decoding=\"async\" width=\"1300\" height=\"736\" alt=\"service-1\" title=\"Man cleaning window\" src=\"http:\/\/ceys-gmbh.de\/wp-content\/uploads\/2020\/04\/service-1.jpg\" class=\"img-responsive wp-image-180 disable-lazyload\"\/><\/span><\/div><div class=\"fusion-title title fusion-title-3 fusion-title-text fusion-title-size-two\"><div class=\"title-sep-container title-sep-container-left fusion-no-large-visibility fusion-no-medium-visibility fusion-no-small-visibility\"><div class=\"title-sep sep- sep-solid\" style=\"border-color:var(--awb-color4);\"><\/div><\/div><span class=\"awb-title-spacer fusion-no-large-visibility fusion-no-medium-visibility fusion-no-small-visibility\"><\/span><h2 class=\"fusion-title-heading title-heading-left fusion-responsive-typography-calculated\" style=\"margin:0;--fontSize:60;line-height:1.3;\"><\/h2><span class=\"awb-title-spacer\"><\/span><div class=\"title-sep-container title-sep-container-right\"><div class=\"title-sep sep- sep-solid\" style=\"border-color:var(--awb-color4);\"><\/div><\/div><\/div><i class=\"fb-icon-element-3 fb-icon-element fontawesome-icon fa-broom fas circle-no\" style=\"--awb-iconcolor:hsla(var(--awb-color8-h),var(--awb-color8-s),calc( var(--awb-color8-l) + 47% ),var(--awb-color8-a));--awb-iconcolor-hover:hsla(var(--awb-color8-h),var(--awb-color8-s),calc( var(--awb-color8-l) + 47% ),var(--awb-color8-a));--awb-font-size:58px;--awb-align-self:center;--awb-margin-top:0px;--awb-margin-right:0px;--awb-margin-bottom:20px;--awb-margin-left:0px;\"><\/i><div class=\"fusion-text fusion-text-3\" style=\"--awb-font-size:var(--awb-typography2-font-size);--awb-line-height:1.65em;\"><p>Steigern Sie die Produktivit\u00e4t Ihres Unternehmens und optimieren Sie Ihre Betriebskosten mit unserem ma\u00dfgeschneiderten Facility-Management-Service. Von der Wartung Ihrer Anlagen bis zur Reinigung Ihrer R\u00e4umlichkeiten k\u00fcmmern wir uns um alle Aspekte Ihrer Geb\u00e4udeinfrastruktur, damit Sie sich auf Ihr Kerngesch\u00e4ft konzentrieren k\u00f6nnen.<\/p>\n<\/div><div class=\"fusion-separator fusion-full-width-sep\" style=\"align-self: center;margin-left: auto;margin-right: auto;margin-top:100px;width:100%;\"><\/div><\/div><\/div><div class=\"fusion-layout-column fusion_builder_column fusion-builder-column-3 fusion_builder_column_1_1 1_1 fusion-flex-column\" style=\"--awb-bg-blend:overlay;--awb-bg-size:cover;--awb-width-large:100%;--awb-margin-top-large:0px;--awb-spacing-right-large:1.92%;--awb-margin-bottom-large:20px;--awb-spacing-left-large:1.92%;--awb-width-medium:100%;--awb-spacing-right-medium:1.92%;--awb-spacing-left-medium:1.92%;--awb-width-small:100%;--awb-spacing-right-small:1.92%;--awb-spacing-left-small:1.92%;\"><div class=\"fusion-column-wrapper fusion-flex-justify-content-flex-start fusion-content-layout-column\"><div class=\"fusion-image-element \" style=\"--awb-caption-title-font-family:var(--h2_typography-font-family);--awb-caption-title-font-weight:var(--h2_typography-font-weight);--awb-caption-title-font-style:var(--h2_typography-font-style);--awb-caption-title-size:var(--h2_typography-font-size);--awb-caption-title-transform:var(--h2_typography-text-transform);--awb-caption-title-line-height:var(--h2_typography-line-height);--awb-caption-title-letter-spacing:var(--h2_typography-letter-spacing);\"><span class=\" fusion-imageframe imageframe-none imageframe-3 hover-type-none\"><img decoding=\"async\" width=\"1900\" height=\"1200\" title=\"home-testimonial-bg\" src=\"http:\/\/ceys-gmbh.de\/wp-content\/uploads\/2015\/05\/home-testimonial-bg.jpg\" alt class=\"img-responsive wp-image-130 disable-lazyload\"\/><\/span><\/div><div class=\"fusion-title title fusion-title-4 fusion-title-text fusion-title-size-two\"><div class=\"title-sep-container title-sep-container-left fusion-no-large-visibility fusion-no-medium-visibility fusion-no-small-visibility\"><div class=\"title-sep sep- sep-solid\" style=\"border-color:var(--awb-color4);\"><\/div><\/div><span class=\"awb-title-spacer fusion-no-large-visibility fusion-no-medium-visibility fusion-no-small-visibility\"><\/span><h2 class=\"fusion-title-heading title-heading-left fusion-responsive-typography-calculated\" style=\"margin:0;--fontSize:60;line-height:1.3;\"><\/h2><span class=\"awb-title-spacer\"><\/span><div class=\"title-sep-container title-sep-container-right\"><div class=\"title-sep sep- sep-solid\" style=\"border-color:var(--awb-color4);\"><\/div><\/div><\/div><i class=\"fb-icon-element-4 fb-icon-element fontawesome-icon fa-user-shield fas circle-no\" style=\"--awb-iconcolor:hsla(var(--awb-color8-h),var(--awb-color8-s),calc( var(--awb-color8-l) + 47% ),var(--awb-color8-a));--awb-iconcolor-hover:hsla(var(--awb-color8-h),var(--awb-color8-s),calc( var(--awb-color8-l) + 47% ),var(--awb-color8-a));--awb-font-size:58px;--awb-align-self:center;--awb-margin-top:0px;--awb-margin-right:0px;--awb-margin-bottom:20px;--awb-margin-left:0px;\"><\/i><div class=\"fusion-text fusion-text-4\" style=\"--awb-font-size:var(--awb-typography2-font-size);--awb-line-height:1.65em;\"><p>Unser Security-Team bietet Ihnen professionelle Sicherheitsdienste, die auf Ihre spezifischen Anforderungen zugeschnitten sind. Von der \u00dcberwachung Ihrer Einrichtungen bis zum Schutz Ihrer Veranstaltungen bieten wir Ihnen eine zuverl\u00e4ssige und effektive Sicherheitsl\u00f6sung.<\/p>\n<\/div><div class=\"fusion-separator fusion-full-width-sep\" style=\"align-self: center;margin-left: auto;margin-right: auto;margin-top:100px;width:100%;\"><\/div><\/div><\/div><\/div><\/div><\/div><div class=\"fusion-fullwidth fullwidth-box fusion-builder-row-3 fusion-flex-container nonhundred-percent-fullwidth non-hundred-percent-height-scrolling\" style=\"--awb-border-radius-top-left:0px;--awb-border-radius-top-right:0px;--awb-border-radius-bottom-right:0px;--awb-border-radius-bottom-left:0px;--awb-padding-top:10px;--awb-padding-bottom:150px;--awb-padding-bottom-small:80px;--awb-flex-wrap:wrap;\" ><div class=\"fusion-builder-row fusion-row fusion-flex-align-items-stretch fusion-flex-content-wrap\" style=\"max-width:calc( 1170px + 0px );margin-left: calc(-0px \/ 2 );margin-right: calc(-0px \/ 2 );\"><\/div><\/div><div class=\"fusion-fullwidth fullwidth-box fusion-builder-row-4 fusion-flex-container hundred-percent-fullwidth non-hundred-percent-height-scrolling\" style=\"--awb-border-radius-top-left:0px;--awb-border-radius-top-right:0px;--awb-border-radius-bottom-right:0px;--awb-border-radius-bottom-left:0px;--awb-padding-top:60px;--awb-padding-right:0px;--awb-padding-bottom:0px;--awb-padding-left:0px;--awb-flex-wrap:wrap;\" ><div class=\"fusion-builder-row fusion-row fusion-flex-align-items-flex-start fusion-flex-content-wrap\" style=\"width:104% !important;max-width:104% !important;margin-left: calc(-4% \/ 2 );margin-right: calc(-4% \/ 2 );\"><\/div><\/div><\/p>\n","protected":false},"excerpt":{"rendered":"","protected":false},"author":1,"featured_media":0,"parent":0,"menu_order":0,"comment_status":"closed","ping_status":"closed","template":"100-width.php","meta":{"om_disable_all_campaigns":false,"_monsterinsights_skip_tracking":false,"_monsterinsights_sitenote_active":false,"_monsterinsights_sitenote_note":"","_monsterinsights_sitenote_category":0,"footnotes":""},"aioseo_notices":[],"_links":{"self":[{"href":"https:\/\/ceys-gmbh.de\/index.php\/wp-json\/wp\/v2\/pages\/427"}],"collection":[{"href":"https:\/\/ceys-gmbh.de\/index.php\/wp-json\/wp\/v2\/pages"}],"about":[{"href":"https:\/\/ceys-gmbh.de\/index.php\/wp-json\/wp\/v2\/types\/page"}],"author":[{"embeddable":true,"href":"https:\/\/ceys-gmbh.de\/index.php\/wp-json\/wp\/v2\/users\/1"}],"replies":[{"embeddable":true,"href":"https:\/\/ceys-gmbh.de\/index.php\/wp-json\/wp\/v2\/comments?post=427"}],"version-history":[{"count":16,"href":"https:\/\/ceys-gmbh.de\/index.php\/wp-json\/wp\/v2\/pages\/427\/revisions"}],"predecessor-version":[{"id":1239,"href":"https:\/\/ceys-gmbh.de\/index.php\/wp-json\/wp\/v2\/pages\/427\/revisions\/1239"}],"wp:attachment":[{"href":"https:\/\/ceys-gmbh.de\/index.php\/wp-json\/wp\/v2\/media?parent=427"}],"curies":[{"name":"wp","href":"https:\/\/api.w.org\/{rel}","templated":true}]}}